{"id":175,"date":"2023-01-22T09:52:45","date_gmt":"2023-01-22T08:52:45","guid":{"rendered":"http:\/\/tzcnqlh.cluster027.hosting.ovh.net\/?page_id=175"},"modified":"2024-07-27T17:39:09","modified_gmt":"2024-07-27T15:39:09","slug":"notre-comite","status":"publish","type":"page","link":"https:\/\/www.fclcity.lu\/index.php\/notre-club\/notre-comite\/","title":{"rendered":"Comit\u00e9"},"content":{"rendered":"\n<p><style>\n #div-id{\n    border   : 1px solid #bfbfbf;\n    width    : 98%;\n    height   : 1105px;\n    position : relative;\n    overflow : hidden;\n}\n\n #iframe-id{\n    position : absolute;\n    top      : -1145px;\n    width    : 100%;\n    height   : 4000vh;\n}\n<\/style><\/p>\n<div id=\"div-id\"><iframe id=\"iframe-id\" src=\"https:\/\/extranet.flf.lu\/club\/1003673\" scrolling=\"yes\"><\/iframe><\/div>\n","protected":false},"excerpt":{"rendered":"","protected":false},"author":1,"featured_media":0,"parent":138,"menu_order":4,"comment_status":"closed","ping_status":"closed","template":"","meta":{"footnotes":""},"class_list":["post-175","page","type-page","status-publish","hentry"],"featured_image_src":null,"yoast_head":"<!-- This site is optimized with the Yoast SEO plugin v27.2 - https:\/\/yoast.com\/product\/yoast-seo-wordpress\/ -->\n<title>Comit\u00e9 - FC Luxembourg City<\/title>\n<meta name=\"description\" content=\"Le club de football FC Luxembourg City est dirig\u00e9 par un comit\u00e9 dynamique et engag\u00e9, compos\u00e9 d&#039;une dizaine de membres actifs.\" \/>\n<meta name=\"robots\" content=\"index, follow, max-snippet:-1, max-image-preview:large, max-video-preview:-1\" \/>\n<link rel=\"canonical\" href=\"https:\/\/www.fclcity.lu\/index.php\/notre-club\/notre-comite\/\" \/>\n<meta property=\"og:locale\" content=\"fr_FR\" \/>\n<meta property=\"og:type\" content=\"article\" \/>\n<meta property=\"og:title\" content=\"Comit\u00e9 - FC Luxembourg City\" \/>\n<meta property=\"og:description\" content=\"Le club de football FC Luxembourg City est dirig\u00e9 par un comit\u00e9 dynamique et engag\u00e9, compos\u00e9 d&#039;une dizaine de membres actifs.\" \/>\n<meta property=\"og:url\" content=\"https:\/\/www.fclcity.lu\/index.php\/notre-club\/notre-comite\/\" \/>\n<meta property=\"og:site_name\" content=\"FC Luxembourg City\" \/>\n<meta property=\"article:publisher\" content=\"https:\/\/facebook.com\/p\/FC-Luxembourg-City-100083413544920\/\" \/>\n<meta property=\"article:modified_time\" content=\"2024-07-27T15:39:09+00:00\" \/>\n<meta name=\"twitter:card\" content=\"summary_large_image\" \/>\n<script type=\"application\/ld+json\" class=\"yoast-schema-graph\">{\"@context\":\"https:\/\/schema.org\",\"@graph\":[{\"@type\":\"WebPage\",\"@id\":\"https:\/\/www.fclcity.lu\/index.php\/notre-club\/notre-comite\/\",\"url\":\"https:\/\/www.fclcity.lu\/index.php\/notre-club\/notre-comite\/\",\"name\":\"Comit\u00e9 - FC Luxembourg City\",\"isPartOf\":{\"@id\":\"https:\/\/www.fclcity.lu\/#website\"},\"datePublished\":\"2023-01-22T08:52:45+00:00\",\"dateModified\":\"2024-07-27T15:39:09+00:00\",\"description\":\"Le club de football FC Luxembourg City est dirig\u00e9 par un comit\u00e9 dynamique et engag\u00e9, compos\u00e9 d'une dizaine de membres actifs.\",\"breadcrumb\":{\"@id\":\"https:\/\/www.fclcity.lu\/index.php\/notre-club\/notre-comite\/#breadcrumb\"},\"inLanguage\":\"fr-FR\",\"potentialAction\":[{\"@type\":\"ReadAction\",\"target\":[\"https:\/\/www.fclcity.lu\/index.php\/notre-club\/notre-comite\/\"]}]},{\"@type\":\"BreadcrumbList\",\"@id\":\"https:\/\/www.fclcity.lu\/index.php\/notre-club\/notre-comite\/#breadcrumb\",\"itemListElement\":[{\"@type\":\"ListItem\",\"position\":1,\"name\":\"Accueil\",\"item\":\"https:\/\/www.fclcity.lu\/\"},{\"@type\":\"ListItem\",\"position\":2,\"name\":\"Club\",\"item\":\"https:\/\/www.fclcity.lu\/index.php\/notre-club\/\"},{\"@type\":\"ListItem\",\"position\":3,\"name\":\"Comit\u00e9\"}]},{\"@type\":\"WebSite\",\"@id\":\"https:\/\/www.fclcity.lu\/#website\",\"url\":\"https:\/\/www.fclcity.lu\/\",\"name\":\"FC Luxembourg City\",\"description\":\"\",\"publisher\":{\"@id\":\"https:\/\/www.fclcity.lu\/#organization\"},\"potentialAction\":[{\"@type\":\"SearchAction\",\"target\":{\"@type\":\"EntryPoint\",\"urlTemplate\":\"https:\/\/www.fclcity.lu\/?s={search_term_string}\"},\"query-input\":{\"@type\":\"PropertyValueSpecification\",\"valueRequired\":true,\"valueName\":\"search_term_string\"}}],\"inLanguage\":\"fr-FR\"},{\"@type\":\"Organization\",\"@id\":\"https:\/\/www.fclcity.lu\/#organization\",\"name\":\"FC Luxembourg City\",\"url\":\"https:\/\/www.fclcity.lu\/\",\"logo\":{\"@type\":\"ImageObject\",\"inLanguage\":\"fr-FR\",\"@id\":\"https:\/\/www.fclcity.lu\/#\/schema\/logo\/image\/\",\"url\":\"https:\/\/www.fclcity.lu\/wp-content\/uploads\/2023\/12\/LOGO_FCLC_472.png\",\"contentUrl\":\"https:\/\/www.fclcity.lu\/wp-content\/uploads\/2023\/12\/LOGO_FCLC_472.png\",\"width\":472,\"height\":472,\"caption\":\"FC Luxembourg City\"},\"image\":{\"@id\":\"https:\/\/www.fclcity.lu\/#\/schema\/logo\/image\/\"},\"sameAs\":[\"https:\/\/facebook.com\/p\/FC-Luxembourg-City-100083413544920\/\",\"https:\/\/www.instagram.com\/fc_lcity\"]}]}<\/script>\n<!-- \/ Yoast SEO plugin. -->","yoast_head_json":{"title":"Comit\u00e9 - FC Luxembourg City","description":"Le club de football FC Luxembourg City est dirig\u00e9 par un comit\u00e9 dynamique et engag\u00e9, compos\u00e9 d'une dizaine de membres actifs.","robots":{"index":"index","follow":"follow","max-snippet":"max-snippet:-1","max-image-preview":"max-image-preview:large","max-video-preview":"max-video-preview:-1"},"canonical":"https:\/\/www.fclcity.lu\/index.php\/notre-club\/notre-comite\/","og_locale":"fr_FR","og_type":"article","og_title":"Comit\u00e9 - FC Luxembourg City","og_description":"Le club de football FC Luxembourg City est dirig\u00e9 par un comit\u00e9 dynamique et engag\u00e9, compos\u00e9 d'une dizaine de membres actifs.","og_url":"https:\/\/www.fclcity.lu\/index.php\/notre-club\/notre-comite\/","og_site_name":"FC Luxembourg City","article_publisher":"https:\/\/facebook.com\/p\/FC-Luxembourg-City-100083413544920\/","article_modified_time":"2024-07-27T15:39:09+00:00","twitter_card":"summary_large_image","schema":{"@context":"https:\/\/schema.org","@graph":[{"@type":"WebPage","@id":"https:\/\/www.fclcity.lu\/index.php\/notre-club\/notre-comite\/","url":"https:\/\/www.fclcity.lu\/index.php\/notre-club\/notre-comite\/","name":"Comit\u00e9 - FC Luxembourg City","isPartOf":{"@id":"https:\/\/www.fclcity.lu\/#website"},"datePublished":"2023-01-22T08:52:45+00:00","dateModified":"2024-07-27T15:39:09+00:00","description":"Le club de football FC Luxembourg City est dirig\u00e9 par un comit\u00e9 dynamique et engag\u00e9, compos\u00e9 d'une dizaine de membres actifs.","breadcrumb":{"@id":"https:\/\/www.fclcity.lu\/index.php\/notre-club\/notre-comite\/#breadcrumb"},"inLanguage":"fr-FR","potentialAction":[{"@type":"ReadAction","target":["https:\/\/www.fclcity.lu\/index.php\/notre-club\/notre-comite\/"]}]},{"@type":"BreadcrumbList","@id":"https:\/\/www.fclcity.lu\/index.php\/notre-club\/notre-comite\/#breadcrumb","itemListElement":[{"@type":"ListItem","position":1,"name":"Accueil","item":"https:\/\/www.fclcity.lu\/"},{"@type":"ListItem","position":2,"name":"Club","item":"https:\/\/www.fclcity.lu\/index.php\/notre-club\/"},{"@type":"ListItem","position":3,"name":"Comit\u00e9"}]},{"@type":"WebSite","@id":"https:\/\/www.fclcity.lu\/#website","url":"https:\/\/www.fclcity.lu\/","name":"FC Luxembourg City","description":"","publisher":{"@id":"https:\/\/www.fclcity.lu\/#organization"},"potentialAction":[{"@type":"SearchAction","target":{"@type":"EntryPoint","urlTemplate":"https:\/\/www.fclcity.lu\/?s={search_term_string}"},"query-input":{"@type":"PropertyValueSpecification","valueRequired":true,"valueName":"search_term_string"}}],"inLanguage":"fr-FR"},{"@type":"Organization","@id":"https:\/\/www.fclcity.lu\/#organization","name":"FC Luxembourg City","url":"https:\/\/www.fclcity.lu\/","logo":{"@type":"ImageObject","inLanguage":"fr-FR","@id":"https:\/\/www.fclcity.lu\/#\/schema\/logo\/image\/","url":"https:\/\/www.fclcity.lu\/wp-content\/uploads\/2023\/12\/LOGO_FCLC_472.png","contentUrl":"https:\/\/www.fclcity.lu\/wp-content\/uploads\/2023\/12\/LOGO_FCLC_472.png","width":472,"height":472,"caption":"FC Luxembourg City"},"image":{"@id":"https:\/\/www.fclcity.lu\/#\/schema\/logo\/image\/"},"sameAs":["https:\/\/facebook.com\/p\/FC-Luxembourg-City-100083413544920\/","https:\/\/www.instagram.com\/fc_lcity"]}]}},"jetpack_sharing_enabled":true,"_links":{"self":[{"href":"https:\/\/www.fclcity.lu\/index.php\/wp-json\/wp\/v2\/pages\/175","targetHints":{"allow":["GET"]}}],"collection":[{"href":"https:\/\/www.fclcity.lu\/index.php\/wp-json\/wp\/v2\/pages"}],"about":[{"href":"https:\/\/www.fclcity.lu\/index.php\/wp-json\/wp\/v2\/types\/page"}],"author":[{"embeddable":true,"href":"https:\/\/www.fclcity.lu\/index.php\/wp-json\/wp\/v2\/users\/1"}],"replies":[{"embeddable":true,"href":"https:\/\/www.fclcity.lu\/index.php\/wp-json\/wp\/v2\/comments?post=175"}],"version-history":[{"count":56,"href":"https:\/\/www.fclcity.lu\/index.php\/wp-json\/wp\/v2\/pages\/175\/revisions"}],"predecessor-version":[{"id":5564,"href":"https:\/\/www.fclcity.lu\/index.php\/wp-json\/wp\/v2\/pages\/175\/revisions\/5564"}],"up":[{"embeddable":true,"href":"https:\/\/www.fclcity.lu\/index.php\/wp-json\/wp\/v2\/pages\/138"}],"wp:attachment":[{"href":"https:\/\/www.fclcity.lu\/index.php\/wp-json\/wp\/v2\/media?parent=175"}],"curies":[{"name":"wp","href":"https:\/\/api.w.org\/{rel}","templated":true}]}}