{"id":196,"date":"2023-01-22T10:01:29","date_gmt":"2023-01-22T09:01:29","guid":{"rendered":"http:\/\/tzcnqlh.cluster027.hosting.ovh.net\/?page_id=196"},"modified":"2025-12-19T18:54:16","modified_gmt":"2025-12-19T17:54:16","slug":"infos-pratiques","status":"publish","type":"page","link":"https:\/\/www.fclcity.lu\/index.php\/notre-club\/infos-pratiques\/","title":{"rendered":"Infos pratiques"},"content":{"rendered":"\r\n<p>Les centres de formation de jeunes joueurs du FC Luxembourg City vous accueillent sur leurs sites de Cessange et Hamm.<\/p>\r\n\r\n\r\n\r\n<h2 class=\"wp-block-heading\"><strong>Centre de Cessange<\/strong><\/h2>\r\n\r\n\r\n\r\n<p>Le centre de formation de Cessange propose des entra\u00eenements au stade Boy Konen, id\u00e9alement situ\u00e9 \u00e0 proximit\u00e9 des grands axes d&#8217;autoroutes et des \u00e9coles et foyers de Cessange, ainsi que de l\u2019\u00e9cole internationale Gaston Thorn et de l&#8217;\u00e9cole fran\u00e7aise Vauban \u00e0 Cloche d&#8217;Or.<\/p>\r\n\r\n\r\n\r\n<p>Un parking tr\u00e8s pratique est \u00e9galement disponible \u00e0 100 m\u00e8tres pour d\u00e9poser les enfants ou venir supporter les \u00e9quipes lors des matches.<\/p>\r\n\r\n\r\n\r\n<p>Il est \u00e9galement possible de rejoindre le complexe sportif en bus \u00e0 l&#8217;arr\u00eat Boy Konen desservi toutes les 15 minutes par les lignes <a href=\"https:\/\/www.mobiliteit.lu\/fr\/ligne\/bus-13-avl\/\" target=\"_blank\" rel=\"noreferrer noopener\">13<\/a> et <a href=\"https:\/\/www.mobiliteit.lu\/fr\/ligne\/bus-14-avl\/\" target=\"_blank\" rel=\"noreferrer noopener\">14<\/a>, passant notamment par les quartiers de Strassen, Cents, Belair, Merl, Hollerich et du Centre.<\/p>\r\n\r\n\r\n\r\n<p>Adresse : <a href=\"https:\/\/goo.gl\/maps\/nxW2AX6QKbZnTnHy9\" target=\"_blank\" rel=\"noreferrer noopener\">3 Rue des Sports, 2548 Luxembourg<\/a><\/p>\r\n\r\n\r\n\r\n<iframe src=\"https:\/\/www.google.com\/maps\/embed?pb=!1m18!1m12!1m3!1d2586.922741589112!2d6.089524576260381!3d49.580346271439076!2m3!1f0!2f0!3f0!3m2!1i1024!2i768!4f13.1!3m3!1m2!1s0x479547a2055e4777%3A0xc80ca691113d9558!2sCessange%20FC!5e0!3m2!1sfr!2slu!4v1693763623156!5m2!1sfr!2slu\" width=\"600\" height=\"450\" style=\"border:0;\" allowfullscreen=\"\" loading=\"lazy\" referrerpolicy=\"no-referrer-when-downgrade\"><\/iframe>\r\n\r\n\r\n\r\n<p><\/p>\r\n\r\n\r\n\r\n<h2 class=\"wp-block-heading\">Centre de Hamm<\/h2>\r\n\r\n\r\n\r\n<p>Le centre de formation de Hamm propose des entra\u00eenements rue de Hamm, sur le terrain synth\u00e9tique ou au stade Hans Sowa, situ\u00e9 \u00e0 Hamm, \u00e0 proximit\u00e9 des quartiers de Bonnevoie et Cents.<\/p>\r\n\r\n\r\n\r\n<p>Un parking tr\u00e8s pratique est disponible le long des terrains pour d\u00e9poser les enfants ou venir supporter les \u00e9quipes lors des matches.<\/p>\r\n\r\n\r\n\r\n<p>Il est \u00e9galement possible de rejoindre le complexe sportif en bus \u00e0 l&#8217;arr\u00eat Englebert Neveu desservi toutes les 15 minutes par la lignes <a href=\"https:\/\/www.mobiliteit.lu\/fr\/ligne\/bus-9-avl\/\" target=\"_blank\" rel=\"noreferrer noopener\">9<\/a>, passant notamment par les quartiers de Cents, Neudorf, de la gare et du centre-ville de Luxembourg.<\/p>\r\n\r\n\r\n\r\n<p><strong>Adresse du terrain synth\u00e9tique :<\/strong> <a href=\"https:\/\/goo.gl\/maps\/8FPxSQKFCLL22fz16\" target=\"_blank\" rel=\"noreferrer noopener\">99A rue de Hamm, 1713 Luxembourg<\/a><\/p>\r\n\r\n\r\n\r\n<iframe src=\"https:\/\/www.google.com\/maps\/embed?pb=!1m18!1m12!1m3!1d2585.5327835284384!2d6.15135217626204!3d49.60655957144335!2m3!1f0!2f0!3f0!3m2!1i1024!2i768!4f13.1!3m3!1m2!1s0x479548b39b37a24d%3A0x1c1c12f3a0b314ab!2s99%20Rue%20de%20Hamm%2C%201713%20Hamm%20Luxembourg!5e0!3m2!1sfr!2slu!4v1693764048059!5m2!1sfr!2slu\" width=\"600\" height=\"450\" style=\"border:0;\" allowfullscreen=\"\" loading=\"lazy\" referrerpolicy=\"no-referrer-when-downgrade\"><\/iframe>\r\n\r\n\r\n\r\n<p><\/p>\r\n\r\n\r\n\r\n<p><strong>Adresse du Stade Hans Sowa :<\/strong> <a href=\"https:\/\/goo.gl\/maps\/M8HGqy2drcRCHwGKA\" target=\"_blank\" rel=\"noreferrer noopener\">157 rue de Hamm, 1713 Luxembourg<\/a><\/p>\r\n\r\n\r\n\r\n<iframe src=\"https:\/\/www.google.com\/maps\/embed?pb=!1m18!1m12!1m3!1d2585.3490686309015!2d6.156435487556589!3d49.61002349781427!2m3!1f0!2f0!3f0!3m2!1i1024!2i768!4f13.1!3m3!1m2!1s0x47954f52b9427767%3A0x66c00f0c9350e5b9!2s157%20Rue%20de%20Hamm%2C%201713%20Hamm%20Luxembourg!5e0!3m2!1sfr!2slu!4v1693764073123!5m2!1sfr!2slu\" width=\"600\" height=\"450\" style=\"border:0;\" allowfullscreen=\"\" loading=\"lazy\" referrerpolicy=\"no-referrer-when-downgrade\"><\/iframe>\r\n","protected":false},"excerpt":{"rendered":"<p>Les centres de formation de jeunes joueurs du FC Luxembourg City vous accueillent sur leurs sites de Cessange et Hamm. Centre de Cessange Le&#8230;<\/p>\n","protected":false},"author":1,"featured_media":0,"parent":138,"menu_order":0,"comment_status":"closed","ping_status":"closed","template":"","meta":{"footnotes":""},"class_list":["post-196","page","type-page","status-publish","hentry"],"featured_image_src":null,"yoast_head":"<!-- This site is optimized with the Yoast SEO plugin v27.4 - https:\/\/yoast.com\/product\/yoast-seo-wordpress\/ -->\n<title>Infos pratiques - FC Luxembourg City<\/title>\n<meta name=\"description\" content=\"Infos pratiques - Luxembourg City propose des entra\u00eenements et matches \u00e0 Cessange et Hamm. Acc\u00e8s facile en voiture ou en bus.\" \/>\n<meta name=\"robots\" content=\"index, follow, max-snippet:-1, max-image-preview:large, max-video-preview:-1\" \/>\n<link rel=\"canonical\" href=\"https:\/\/www.fclcity.lu\/index.php\/notre-club\/infos-pratiques\/\" \/>\n<meta property=\"og:locale\" content=\"fr_FR\" \/>\n<meta property=\"og:type\" content=\"article\" \/>\n<meta property=\"og:title\" content=\"Infos pratiques - FC Luxembourg City\" \/>\n<meta property=\"og:description\" content=\"Infos pratiques - Luxembourg City propose des entra\u00eenements et matches \u00e0 Cessange et Hamm. Acc\u00e8s facile en voiture ou en bus.\" \/>\n<meta property=\"og:url\" content=\"https:\/\/www.fclcity.lu\/index.php\/notre-club\/infos-pratiques\/\" \/>\n<meta property=\"og:site_name\" content=\"FC Luxembourg City\" \/>\n<meta property=\"article:publisher\" content=\"https:\/\/facebook.com\/p\/FC-Luxembourg-City-100083413544920\/\" \/>\n<meta property=\"article:modified_time\" content=\"2025-12-19T17:54:16+00:00\" \/>\n<meta name=\"twitter:card\" content=\"summary_large_image\" \/>\n<meta name=\"twitter:label1\" content=\"Dur\u00e9e de lecture estim\u00e9e\" \/>\n\t<meta name=\"twitter:data1\" content=\"2 minutes\" \/>\n<script type=\"application\/ld+json\" class=\"yoast-schema-graph\">{\"@context\":\"https:\\\/\\\/schema.org\",\"@graph\":[{\"@type\":\"WebPage\",\"@id\":\"https:\\\/\\\/www.fclcity.lu\\\/index.php\\\/notre-club\\\/infos-pratiques\\\/\",\"url\":\"https:\\\/\\\/www.fclcity.lu\\\/index.php\\\/notre-club\\\/infos-pratiques\\\/\",\"name\":\"Infos pratiques - FC Luxembourg City\",\"isPartOf\":{\"@id\":\"https:\\\/\\\/www.fclcity.lu\\\/#website\"},\"datePublished\":\"2023-01-22T09:01:29+00:00\",\"dateModified\":\"2025-12-19T17:54:16+00:00\",\"description\":\"Infos pratiques - Luxembourg City propose des entra\u00eenements et matches \u00e0 Cessange et Hamm. Acc\u00e8s facile en voiture ou en bus.\",\"breadcrumb\":{\"@id\":\"https:\\\/\\\/www.fclcity.lu\\\/index.php\\\/notre-club\\\/infos-pratiques\\\/#breadcrumb\"},\"inLanguage\":\"fr-FR\",\"potentialAction\":[{\"@type\":\"ReadAction\",\"target\":[\"https:\\\/\\\/www.fclcity.lu\\\/index.php\\\/notre-club\\\/infos-pratiques\\\/\"]}]},{\"@type\":\"BreadcrumbList\",\"@id\":\"https:\\\/\\\/www.fclcity.lu\\\/index.php\\\/notre-club\\\/infos-pratiques\\\/#breadcrumb\",\"itemListElement\":[{\"@type\":\"ListItem\",\"position\":1,\"name\":\"Accueil\",\"item\":\"https:\\\/\\\/www.fclcity.lu\\\/\"},{\"@type\":\"ListItem\",\"position\":2,\"name\":\"Club\",\"item\":\"https:\\\/\\\/www.fclcity.lu\\\/index.php\\\/notre-club\\\/\"},{\"@type\":\"ListItem\",\"position\":3,\"name\":\"Infos pratiques\"}]},{\"@type\":\"WebSite\",\"@id\":\"https:\\\/\\\/www.fclcity.lu\\\/#website\",\"url\":\"https:\\\/\\\/www.fclcity.lu\\\/\",\"name\":\"FC Luxembourg City\",\"description\":\"\",\"publisher\":{\"@id\":\"https:\\\/\\\/www.fclcity.lu\\\/#organization\"},\"potentialAction\":[{\"@type\":\"SearchAction\",\"target\":{\"@type\":\"EntryPoint\",\"urlTemplate\":\"https:\\\/\\\/www.fclcity.lu\\\/?s={search_term_string}\"},\"query-input\":{\"@type\":\"PropertyValueSpecification\",\"valueRequired\":true,\"valueName\":\"search_term_string\"}}],\"inLanguage\":\"fr-FR\"},{\"@type\":\"Organization\",\"@id\":\"https:\\\/\\\/www.fclcity.lu\\\/#organization\",\"name\":\"FC Luxembourg City\",\"url\":\"https:\\\/\\\/www.fclcity.lu\\\/\",\"logo\":{\"@type\":\"ImageObject\",\"inLanguage\":\"fr-FR\",\"@id\":\"https:\\\/\\\/www.fclcity.lu\\\/#\\\/schema\\\/logo\\\/image\\\/\",\"url\":\"https:\\\/\\\/www.fclcity.lu\\\/wp-content\\\/uploads\\\/2023\\\/12\\\/LOGO_FCLC_472.png\",\"contentUrl\":\"https:\\\/\\\/www.fclcity.lu\\\/wp-content\\\/uploads\\\/2023\\\/12\\\/LOGO_FCLC_472.png\",\"width\":472,\"height\":472,\"caption\":\"FC Luxembourg City\"},\"image\":{\"@id\":\"https:\\\/\\\/www.fclcity.lu\\\/#\\\/schema\\\/logo\\\/image\\\/\"},\"sameAs\":[\"https:\\\/\\\/facebook.com\\\/p\\\/FC-Luxembourg-City-100083413544920\\\/\",\"https:\\\/\\\/www.instagram.com\\\/fc_lcity\"]}]}<\/script>\n<!-- \/ Yoast SEO plugin. -->","yoast_head_json":{"title":"Infos pratiques - FC Luxembourg City","description":"Infos pratiques - Luxembourg City propose des entra\u00eenements et matches \u00e0 Cessange et Hamm. Acc\u00e8s facile en voiture ou en bus.","robots":{"index":"index","follow":"follow","max-snippet":"max-snippet:-1","max-image-preview":"max-image-preview:large","max-video-preview":"max-video-preview:-1"},"canonical":"https:\/\/www.fclcity.lu\/index.php\/notre-club\/infos-pratiques\/","og_locale":"fr_FR","og_type":"article","og_title":"Infos pratiques - FC Luxembourg City","og_description":"Infos pratiques - Luxembourg City propose des entra\u00eenements et matches \u00e0 Cessange et Hamm. Acc\u00e8s facile en voiture ou en bus.","og_url":"https:\/\/www.fclcity.lu\/index.php\/notre-club\/infos-pratiques\/","og_site_name":"FC Luxembourg City","article_publisher":"https:\/\/facebook.com\/p\/FC-Luxembourg-City-100083413544920\/","article_modified_time":"2025-12-19T17:54:16+00:00","twitter_card":"summary_large_image","twitter_misc":{"Dur\u00e9e de lecture estim\u00e9e":"2 minutes"},"schema":{"@context":"https:\/\/schema.org","@graph":[{"@type":"WebPage","@id":"https:\/\/www.fclcity.lu\/index.php\/notre-club\/infos-pratiques\/","url":"https:\/\/www.fclcity.lu\/index.php\/notre-club\/infos-pratiques\/","name":"Infos pratiques - FC Luxembourg City","isPartOf":{"@id":"https:\/\/www.fclcity.lu\/#website"},"datePublished":"2023-01-22T09:01:29+00:00","dateModified":"2025-12-19T17:54:16+00:00","description":"Infos pratiques - Luxembourg City propose des entra\u00eenements et matches \u00e0 Cessange et Hamm. Acc\u00e8s facile en voiture ou en bus.","breadcrumb":{"@id":"https:\/\/www.fclcity.lu\/index.php\/notre-club\/infos-pratiques\/#breadcrumb"},"inLanguage":"fr-FR","potentialAction":[{"@type":"ReadAction","target":["https:\/\/www.fclcity.lu\/index.php\/notre-club\/infos-pratiques\/"]}]},{"@type":"BreadcrumbList","@id":"https:\/\/www.fclcity.lu\/index.php\/notre-club\/infos-pratiques\/#breadcrumb","itemListElement":[{"@type":"ListItem","position":1,"name":"Accueil","item":"https:\/\/www.fclcity.lu\/"},{"@type":"ListItem","position":2,"name":"Club","item":"https:\/\/www.fclcity.lu\/index.php\/notre-club\/"},{"@type":"ListItem","position":3,"name":"Infos pratiques"}]},{"@type":"WebSite","@id":"https:\/\/www.fclcity.lu\/#website","url":"https:\/\/www.fclcity.lu\/","name":"FC Luxembourg City","description":"","publisher":{"@id":"https:\/\/www.fclcity.lu\/#organization"},"potentialAction":[{"@type":"SearchAction","target":{"@type":"EntryPoint","urlTemplate":"https:\/\/www.fclcity.lu\/?s={search_term_string}"},"query-input":{"@type":"PropertyValueSpecification","valueRequired":true,"valueName":"search_term_string"}}],"inLanguage":"fr-FR"},{"@type":"Organization","@id":"https:\/\/www.fclcity.lu\/#organization","name":"FC Luxembourg City","url":"https:\/\/www.fclcity.lu\/","logo":{"@type":"ImageObject","inLanguage":"fr-FR","@id":"https:\/\/www.fclcity.lu\/#\/schema\/logo\/image\/","url":"https:\/\/www.fclcity.lu\/wp-content\/uploads\/2023\/12\/LOGO_FCLC_472.png","contentUrl":"https:\/\/www.fclcity.lu\/wp-content\/uploads\/2023\/12\/LOGO_FCLC_472.png","width":472,"height":472,"caption":"FC Luxembourg City"},"image":{"@id":"https:\/\/www.fclcity.lu\/#\/schema\/logo\/image\/"},"sameAs":["https:\/\/facebook.com\/p\/FC-Luxembourg-City-100083413544920\/","https:\/\/www.instagram.com\/fc_lcity"]}]}},"jetpack_sharing_enabled":true,"_links":{"self":[{"href":"https:\/\/www.fclcity.lu\/index.php\/wp-json\/wp\/v2\/pages\/196","targetHints":{"allow":["GET"]}}],"collection":[{"href":"https:\/\/www.fclcity.lu\/index.php\/wp-json\/wp\/v2\/pages"}],"about":[{"href":"https:\/\/www.fclcity.lu\/index.php\/wp-json\/wp\/v2\/types\/page"}],"author":[{"embeddable":true,"href":"https:\/\/www.fclcity.lu\/index.php\/wp-json\/wp\/v2\/users\/1"}],"replies":[{"embeddable":true,"href":"https:\/\/www.fclcity.lu\/index.php\/wp-json\/wp\/v2\/comments?post=196"}],"version-history":[{"count":23,"href":"https:\/\/www.fclcity.lu\/index.php\/wp-json\/wp\/v2\/pages\/196\/revisions"}],"predecessor-version":[{"id":7374,"href":"https:\/\/www.fclcity.lu\/index.php\/wp-json\/wp\/v2\/pages\/196\/revisions\/7374"}],"up":[{"embeddable":true,"href":"https:\/\/www.fclcity.lu\/index.php\/wp-json\/wp\/v2\/pages\/138"}],"wp:attachment":[{"href":"https:\/\/www.fclcity.lu\/index.php\/wp-json\/wp\/v2\/media?parent=196"}],"curies":[{"name":"wp","href":"https:\/\/api.w.org\/{rel}","templated":true}]}}