{"id":3,"date":"2023-01-21T16:04:25","date_gmt":"2023-01-21T15:04:25","guid":{"rendered":"http:\/\/tzcnqlh.cluster027.hosting.ovh.net\/?page_id=3"},"modified":"2024-02-18T14:02:39","modified_gmt":"2024-02-18T13:02:39","slug":"politique-de-confidentialite","status":"publish","type":"page","link":"https:\/\/www.fclcity.lu\/index.php\/politique-de-confidentialite\/","title":{"rendered":"Politique de confidentialit\u00e9"},"content":{"rendered":"\n<p>La protection de vos donn\u00e9es personnelles est tr\u00e8s importante pour nous.<\/p>\n\n\n\n<p>\u200bLa pr\u00e9sente politique de confidentialit\u00e9 explique nos politiques et pratiques quant \u00e0 la mani\u00e8re dont nous g\u00e9rons et utilisons les donn\u00e9es \u00e0 caract\u00e8re personnel recueillies sur notre site web.<\/p>\n\n\n\n<h2 class=\"wp-block-heading\">Qui sommes-nous&nbsp;?<\/h2>\n\n\n\n<p>Nos coordonn\u00e9es sont les suivantes :<\/p>\n\n\n\n<p>FC Luxembourg City<\/p>\n\n\n\n<p>3 Rue des Sports<br>L-2548 Luxembourg<\/p>\n\n\n\n<p><a href=\"http:\/\/fclcity.lu\/index.php\/contact\/\">Nous contacter<\/a><\/p>\n\n\n\n<h2 class=\"wp-block-heading\">Comment vos donn\u00e9es sont-elles recueillies et g\u00e9r\u00e9es ?<\/h2>\n\n\n\n<p>Les donn\u00e9es personnelles sont recueillies sur notre site web uniquement lorsque vous utilisez nos formulaires de contact.<\/p>\n\n\n\n<p>Les informations fournies ne sont disponibles que pour les membres du club (comit\u00e9 et entra\u00eeneurs).&nbsp; Ces informations ne seront utilis\u00e9es que dans le but de vous re-contacter et r\u00e9pondre \u00e0 vos questions.&nbsp; Elle ne seront transmises \u00e0 aucun partenaire et seront supprim\u00e9es d\u00e8s qu&#8217;elles ne seront plus n\u00e9cessaires.&nbsp;Les donn\u00e9es r\u00e9colt\u00e9es ne seront pas utilis\u00e9es \u00e0 des fins marketing.<\/p>\n","protected":false},"excerpt":{"rendered":"<p>La protection de vos donn\u00e9es personnelles est tr\u00e8s importante pour nous. \u200bLa pr\u00e9sente politique de confidentialit\u00e9 explique nos politiques et pratiques quant \u00e0 la&#8230;<\/p>\n","protected":false},"author":1,"featured_media":0,"parent":0,"menu_order":0,"comment_status":"closed","ping_status":"open","template":"","meta":{"footnotes":""},"class_list":["post-3","page","type-page","status-publish","hentry"],"featured_image_src":null,"yoast_head":"<!-- This site is optimized with the Yoast SEO plugin v27.3 - https:\/\/yoast.com\/product\/yoast-seo-wordpress\/ -->\n<title>Politique de confidentialit\u00e9 - FC Luxembourg City<\/title>\n<meta name=\"description\" content=\"Le club de football FC Luxembourg City a mis en place une politique de confidentialit\u00e9 visant \u00e0 limiter l&#039;utilisation de donn\u00e9es personnelles.\" \/>\n<meta name=\"robots\" content=\"index, follow, max-snippet:-1, max-image-preview:large, max-video-preview:-1\" \/>\n<link rel=\"canonical\" href=\"https:\/\/www.fclcity.lu\/index.php\/politique-de-confidentialite\/\" \/>\n<meta property=\"og:locale\" content=\"fr_FR\" \/>\n<meta property=\"og:type\" content=\"article\" \/>\n<meta property=\"og:title\" content=\"Politique de confidentialit\u00e9 - FC Luxembourg City\" \/>\n<meta property=\"og:description\" content=\"Le club de football FC Luxembourg City a mis en place une politique de confidentialit\u00e9 visant \u00e0 limiter l&#039;utilisation de donn\u00e9es personnelles.\" \/>\n<meta property=\"og:url\" content=\"https:\/\/www.fclcity.lu\/index.php\/politique-de-confidentialite\/\" \/>\n<meta property=\"og:site_name\" content=\"FC Luxembourg City\" \/>\n<meta property=\"article:publisher\" content=\"https:\/\/facebook.com\/p\/FC-Luxembourg-City-100083413544920\/\" \/>\n<meta property=\"article:modified_time\" content=\"2024-02-18T13:02:39+00:00\" \/>\n<meta name=\"twitter:card\" content=\"summary_large_image\" \/>\n<meta name=\"twitter:label1\" content=\"Dur\u00e9e de lecture estim\u00e9e\" \/>\n\t<meta name=\"twitter:data1\" content=\"1 minute\" \/>\n<script type=\"application\/ld+json\" class=\"yoast-schema-graph\">{\"@context\":\"https:\\\/\\\/schema.org\",\"@graph\":[{\"@type\":\"WebPage\",\"@id\":\"https:\\\/\\\/www.fclcity.lu\\\/index.php\\\/politique-de-confidentialite\\\/\",\"url\":\"https:\\\/\\\/www.fclcity.lu\\\/index.php\\\/politique-de-confidentialite\\\/\",\"name\":\"Politique de confidentialit\u00e9 - FC Luxembourg City\",\"isPartOf\":{\"@id\":\"https:\\\/\\\/www.fclcity.lu\\\/#website\"},\"datePublished\":\"2023-01-21T15:04:25+00:00\",\"dateModified\":\"2024-02-18T13:02:39+00:00\",\"description\":\"Le club de football FC Luxembourg City a mis en place une politique de confidentialit\u00e9 visant \u00e0 limiter l'utilisation de donn\u00e9es personnelles.\",\"breadcrumb\":{\"@id\":\"https:\\\/\\\/www.fclcity.lu\\\/index.php\\\/politique-de-confidentialite\\\/#breadcrumb\"},\"inLanguage\":\"fr-FR\",\"potentialAction\":[{\"@type\":\"ReadAction\",\"target\":[\"https:\\\/\\\/www.fclcity.lu\\\/index.php\\\/politique-de-confidentialite\\\/\"]}]},{\"@type\":\"BreadcrumbList\",\"@id\":\"https:\\\/\\\/www.fclcity.lu\\\/index.php\\\/politique-de-confidentialite\\\/#breadcrumb\",\"itemListElement\":[{\"@type\":\"ListItem\",\"position\":1,\"name\":\"Accueil\",\"item\":\"https:\\\/\\\/www.fclcity.lu\\\/\"},{\"@type\":\"ListItem\",\"position\":2,\"name\":\"Politique de confidentialit\u00e9\"}]},{\"@type\":\"WebSite\",\"@id\":\"https:\\\/\\\/www.fclcity.lu\\\/#website\",\"url\":\"https:\\\/\\\/www.fclcity.lu\\\/\",\"name\":\"FC Luxembourg City\",\"description\":\"\",\"publisher\":{\"@id\":\"https:\\\/\\\/www.fclcity.lu\\\/#organization\"},\"potentialAction\":[{\"@type\":\"SearchAction\",\"target\":{\"@type\":\"EntryPoint\",\"urlTemplate\":\"https:\\\/\\\/www.fclcity.lu\\\/?s={search_term_string}\"},\"query-input\":{\"@type\":\"PropertyValueSpecification\",\"valueRequired\":true,\"valueName\":\"search_term_string\"}}],\"inLanguage\":\"fr-FR\"},{\"@type\":\"Organization\",\"@id\":\"https:\\\/\\\/www.fclcity.lu\\\/#organization\",\"name\":\"FC Luxembourg City\",\"url\":\"https:\\\/\\\/www.fclcity.lu\\\/\",\"logo\":{\"@type\":\"ImageObject\",\"inLanguage\":\"fr-FR\",\"@id\":\"https:\\\/\\\/www.fclcity.lu\\\/#\\\/schema\\\/logo\\\/image\\\/\",\"url\":\"https:\\\/\\\/www.fclcity.lu\\\/wp-content\\\/uploads\\\/2023\\\/12\\\/LOGO_FCLC_472.png\",\"contentUrl\":\"https:\\\/\\\/www.fclcity.lu\\\/wp-content\\\/uploads\\\/2023\\\/12\\\/LOGO_FCLC_472.png\",\"width\":472,\"height\":472,\"caption\":\"FC Luxembourg City\"},\"image\":{\"@id\":\"https:\\\/\\\/www.fclcity.lu\\\/#\\\/schema\\\/logo\\\/image\\\/\"},\"sameAs\":[\"https:\\\/\\\/facebook.com\\\/p\\\/FC-Luxembourg-City-100083413544920\\\/\",\"https:\\\/\\\/www.instagram.com\\\/fc_lcity\"]}]}<\/script>\n<!-- \/ Yoast SEO plugin. -->","yoast_head_json":{"title":"Politique de confidentialit\u00e9 - FC Luxembourg City","description":"Le club de football FC Luxembourg City a mis en place une politique de confidentialit\u00e9 visant \u00e0 limiter l'utilisation de donn\u00e9es personnelles.","robots":{"index":"index","follow":"follow","max-snippet":"max-snippet:-1","max-image-preview":"max-image-preview:large","max-video-preview":"max-video-preview:-1"},"canonical":"https:\/\/www.fclcity.lu\/index.php\/politique-de-confidentialite\/","og_locale":"fr_FR","og_type":"article","og_title":"Politique de confidentialit\u00e9 - FC Luxembourg City","og_description":"Le club de football FC Luxembourg City a mis en place une politique de confidentialit\u00e9 visant \u00e0 limiter l'utilisation de donn\u00e9es personnelles.","og_url":"https:\/\/www.fclcity.lu\/index.php\/politique-de-confidentialite\/","og_site_name":"FC Luxembourg City","article_publisher":"https:\/\/facebook.com\/p\/FC-Luxembourg-City-100083413544920\/","article_modified_time":"2024-02-18T13:02:39+00:00","twitter_card":"summary_large_image","twitter_misc":{"Dur\u00e9e de lecture estim\u00e9e":"1 minute"},"schema":{"@context":"https:\/\/schema.org","@graph":[{"@type":"WebPage","@id":"https:\/\/www.fclcity.lu\/index.php\/politique-de-confidentialite\/","url":"https:\/\/www.fclcity.lu\/index.php\/politique-de-confidentialite\/","name":"Politique de confidentialit\u00e9 - FC Luxembourg City","isPartOf":{"@id":"https:\/\/www.fclcity.lu\/#website"},"datePublished":"2023-01-21T15:04:25+00:00","dateModified":"2024-02-18T13:02:39+00:00","description":"Le club de football FC Luxembourg City a mis en place une politique de confidentialit\u00e9 visant \u00e0 limiter l'utilisation de donn\u00e9es personnelles.","breadcrumb":{"@id":"https:\/\/www.fclcity.lu\/index.php\/politique-de-confidentialite\/#breadcrumb"},"inLanguage":"fr-FR","potentialAction":[{"@type":"ReadAction","target":["https:\/\/www.fclcity.lu\/index.php\/politique-de-confidentialite\/"]}]},{"@type":"BreadcrumbList","@id":"https:\/\/www.fclcity.lu\/index.php\/politique-de-confidentialite\/#breadcrumb","itemListElement":[{"@type":"ListItem","position":1,"name":"Accueil","item":"https:\/\/www.fclcity.lu\/"},{"@type":"ListItem","position":2,"name":"Politique de confidentialit\u00e9"}]},{"@type":"WebSite","@id":"https:\/\/www.fclcity.lu\/#website","url":"https:\/\/www.fclcity.lu\/","name":"FC Luxembourg City","description":"","publisher":{"@id":"https:\/\/www.fclcity.lu\/#organization"},"potentialAction":[{"@type":"SearchAction","target":{"@type":"EntryPoint","urlTemplate":"https:\/\/www.fclcity.lu\/?s={search_term_string}"},"query-input":{"@type":"PropertyValueSpecification","valueRequired":true,"valueName":"search_term_string"}}],"inLanguage":"fr-FR"},{"@type":"Organization","@id":"https:\/\/www.fclcity.lu\/#organization","name":"FC Luxembourg City","url":"https:\/\/www.fclcity.lu\/","logo":{"@type":"ImageObject","inLanguage":"fr-FR","@id":"https:\/\/www.fclcity.lu\/#\/schema\/logo\/image\/","url":"https:\/\/www.fclcity.lu\/wp-content\/uploads\/2023\/12\/LOGO_FCLC_472.png","contentUrl":"https:\/\/www.fclcity.lu\/wp-content\/uploads\/2023\/12\/LOGO_FCLC_472.png","width":472,"height":472,"caption":"FC Luxembourg City"},"image":{"@id":"https:\/\/www.fclcity.lu\/#\/schema\/logo\/image\/"},"sameAs":["https:\/\/facebook.com\/p\/FC-Luxembourg-City-100083413544920\/","https:\/\/www.instagram.com\/fc_lcity"]}]}},"jetpack_sharing_enabled":true,"_links":{"self":[{"href":"https:\/\/www.fclcity.lu\/index.php\/wp-json\/wp\/v2\/pages\/3","targetHints":{"allow":["GET"]}}],"collection":[{"href":"https:\/\/www.fclcity.lu\/index.php\/wp-json\/wp\/v2\/pages"}],"about":[{"href":"https:\/\/www.fclcity.lu\/index.php\/wp-json\/wp\/v2\/types\/page"}],"author":[{"embeddable":true,"href":"https:\/\/www.fclcity.lu\/index.php\/wp-json\/wp\/v2\/users\/1"}],"replies":[{"embeddable":true,"href":"https:\/\/www.fclcity.lu\/index.php\/wp-json\/wp\/v2\/comments?post=3"}],"version-history":[{"count":7,"href":"https:\/\/www.fclcity.lu\/index.php\/wp-json\/wp\/v2\/pages\/3\/revisions"}],"predecessor-version":[{"id":4665,"href":"https:\/\/www.fclcity.lu\/index.php\/wp-json\/wp\/v2\/pages\/3\/revisions\/4665"}],"wp:attachment":[{"href":"https:\/\/www.fclcity.lu\/index.php\/wp-json\/wp\/v2\/media?parent=3"}],"curies":[{"name":"wp","href":"https:\/\/api.w.org\/{rel}","templated":true}]}}