{"id":5174,"date":"2024-05-11T12:39:05","date_gmt":"2024-05-11T10:39:05","guid":{"rendered":"https:\/\/www.fclcity.lu\/?page_id=5174"},"modified":"2024-07-28T22:40:13","modified_gmt":"2024-07-28T20:40:13","slug":"prochains-stages-vacances","status":"publish","type":"page","link":"https:\/\/www.fclcity.lu\/index.php\/equipes-juniors\/prochains-stages-vacances\/","title":{"rendered":"Prochains stages"},"content":{"rendered":"\n<p>Faites vivre \u00e0 vos enfants leur passion du football !<\/p>\n\n\n\n<p>Le FC Luxembourg City organise r\u00e9guli\u00e8rement des stages pour les enfants de 8 \u00e0 15 ans qui sont pris en charge de 9h \u00e0 16h30<em>&nbsp;(accueil \u00e0 partir de 8h30 et garderie jusque 17h)<\/em>.<\/p>\n\n\n\n<p>Les stages peuvent avoir lieu au&nbsp;<a href=\"https:\/\/goo.gl\/maps\/nxW2AX6QKbZnTnHy9\" target=\"_blank\" rel=\"noreferrer noopener\">Stade Boy Konen<\/a>&nbsp;\u00e0 Cessange ou au <a href=\"https:\/\/goo.gl\/maps\/8FPxSQKFCLL22fz16\" target=\"_blank\" rel=\"noreferrer noopener\">terrain de Hamm<\/a>, selon les informations confirm\u00e9es lors des p\u00e9riodes d&#8217;inscriptions.<\/p>\n\n\n\n<p>Au programme : du football, des concours, des tournois mais \u00e9galement des animations et surprises dans une ambiance d\u00e9tendue et encadr\u00e9e par des \u00e9ducateurs sp\u00e9cialis\u00e9s.<\/p>\n\n\n\n<p>Nous organisons habituellement des stages aux p\u00e9riodes suivantes : <\/p>\n\n\n\n<figure class=\"wp-block-table\"><table><thead><tr><th class=\"has-text-align-center\" data-align=\"center\">P\u00e9riode de l&#8217;ann\u00e9e<\/th><th class=\"has-text-align-center\" data-align=\"center\">Stages habituels<\/th><\/tr><\/thead><tbody><tr><td class=\"has-text-align-center\" data-align=\"center\"><strong>Mars &#8211; avril<\/strong><br><em>(Vacances de P\u00e2ques)<\/em><\/td><td class=\"has-text-align-center\" data-align=\"center\">2 stages d&#8217;1 semaine<\/td><\/tr><tr><td class=\"has-text-align-center\" data-align=\"center\"><strong>Mai &#8211; juin<\/strong><br><em>(Vacances de Pentec\u00f4te)<\/em><\/td><td class=\"has-text-align-center\" data-align=\"center\">1 stage d&#8217;1 semaine <\/td><\/tr><tr><td class=\"has-text-align-center\" data-align=\"center\"><strong>Juillet<\/strong><br><em>(D\u00e9but des vacances d&#8217;\u00e9t\u00e9)<\/em><\/td><td class=\"has-text-align-center\" data-align=\"center\">2 stages d&#8217;1 semaine <\/td><\/tr><tr><td class=\"has-text-align-center\" data-align=\"center\"><strong>Ao\u00fbt &#8211; Septembre<\/strong><br><em>(Fin des vacances d&#8217;\u00e9t\u00e9)<\/em><\/td><td class=\"has-text-align-center\" data-align=\"center\">1 ou 2 stages d&#8217;1 semaine<\/td><\/tr><\/tbody><\/table><figcaption class=\"wp-element-caption\"><em>N.B. : Les dates sont adapt\u00e9es chaque ann\u00e9e en fonction des dates confirm\u00e9es de vacances scolaires luxembourgeoises et le nombre de stages peut varier selon les ann\u00e9es.<\/em><\/figcaption><\/figure>\n\n\n\n<p><\/p>\n\n\n\n<p>Vous pouvez revenir sur cette page environ 1 mois avant les p\u00e9riodes indiqu\u00e9es afin de pouvoir inscrire votre enfant ou directement v\u00e9rifier sur notre page d&#8217;accueil si les inscriptions au prochain stage sont ouvertes !<\/p>\n","protected":false},"excerpt":{"rendered":"<p>Faites vivre \u00e0 vos enfants leur passion du football ! Le FC Luxembourg City organise r\u00e9guli\u00e8rement des stages pour les enfants de 8 \u00e0&#8230;<\/p>\n","protected":false},"author":1,"featured_media":0,"parent":965,"menu_order":10,"comment_status":"closed","ping_status":"closed","template":"","meta":{"footnotes":""},"class_list":["post-5174","page","type-page","status-publish","hentry"],"featured_image_src":null,"yoast_head":"<!-- This site is optimized with the Yoast SEO plugin v27.3 - https:\/\/yoast.com\/product\/yoast-seo-wordpress\/ -->\n<title>Prochains stages - FC Luxembourg City<\/title>\n<meta name=\"description\" content=\"Le FC Luxembourg City organise r\u00e9guli\u00e8rement des stages pour les enfants de 8 \u00e0 15 ans qui sont pris en charge de 9h \u00e0 16h30.\" \/>\n<meta name=\"robots\" content=\"index, follow, max-snippet:-1, max-image-preview:large, max-video-preview:-1\" \/>\n<link rel=\"canonical\" href=\"https:\/\/www.fclcity.lu\/index.php\/equipes-juniors\/prochains-stages-vacances\/\" \/>\n<meta property=\"og:locale\" content=\"fr_FR\" \/>\n<meta property=\"og:type\" content=\"article\" \/>\n<meta property=\"og:title\" content=\"Prochains stages - FC Luxembourg City\" \/>\n<meta property=\"og:description\" content=\"Le FC Luxembourg City organise r\u00e9guli\u00e8rement des stages pour les enfants de 8 \u00e0 15 ans qui sont pris en charge de 9h \u00e0 16h30.\" \/>\n<meta property=\"og:url\" content=\"https:\/\/www.fclcity.lu\/index.php\/equipes-juniors\/prochains-stages-vacances\/\" \/>\n<meta property=\"og:site_name\" content=\"FC Luxembourg City\" \/>\n<meta property=\"article:publisher\" content=\"https:\/\/facebook.com\/p\/FC-Luxembourg-City-100083413544920\/\" \/>\n<meta property=\"article:modified_time\" content=\"2024-07-28T20:40:13+00:00\" \/>\n<meta name=\"twitter:card\" content=\"summary_large_image\" \/>\n<meta name=\"twitter:label1\" content=\"Dur\u00e9e de lecture estim\u00e9e\" \/>\n\t<meta name=\"twitter:data1\" content=\"2 minutes\" \/>\n<script type=\"application\/ld+json\" class=\"yoast-schema-graph\">{\"@context\":\"https:\\\/\\\/schema.org\",\"@graph\":[{\"@type\":\"WebPage\",\"@id\":\"https:\\\/\\\/www.fclcity.lu\\\/index.php\\\/equipes-juniors\\\/prochains-stages-vacances\\\/\",\"url\":\"https:\\\/\\\/www.fclcity.lu\\\/index.php\\\/equipes-juniors\\\/prochains-stages-vacances\\\/\",\"name\":\"Prochains stages - FC Luxembourg City\",\"isPartOf\":{\"@id\":\"https:\\\/\\\/www.fclcity.lu\\\/#website\"},\"datePublished\":\"2024-05-11T10:39:05+00:00\",\"dateModified\":\"2024-07-28T20:40:13+00:00\",\"description\":\"Le FC Luxembourg City organise r\u00e9guli\u00e8rement des stages pour les enfants de 8 \u00e0 15 ans qui sont pris en charge de 9h \u00e0 16h30.\",\"breadcrumb\":{\"@id\":\"https:\\\/\\\/www.fclcity.lu\\\/index.php\\\/equipes-juniors\\\/prochains-stages-vacances\\\/#breadcrumb\"},\"inLanguage\":\"fr-FR\",\"potentialAction\":[{\"@type\":\"ReadAction\",\"target\":[\"https:\\\/\\\/www.fclcity.lu\\\/index.php\\\/equipes-juniors\\\/prochains-stages-vacances\\\/\"]}]},{\"@type\":\"BreadcrumbList\",\"@id\":\"https:\\\/\\\/www.fclcity.lu\\\/index.php\\\/equipes-juniors\\\/prochains-stages-vacances\\\/#breadcrumb\",\"itemListElement\":[{\"@type\":\"ListItem\",\"position\":1,\"name\":\"Accueil\",\"item\":\"https:\\\/\\\/www.fclcity.lu\\\/\"},{\"@type\":\"ListItem\",\"position\":2,\"name\":\"Jeunes\",\"item\":\"https:\\\/\\\/www.fclcity.lu\\\/index.php\\\/equipes-juniors\\\/\"},{\"@type\":\"ListItem\",\"position\":3,\"name\":\"Prochains stages\"}]},{\"@type\":\"WebSite\",\"@id\":\"https:\\\/\\\/www.fclcity.lu\\\/#website\",\"url\":\"https:\\\/\\\/www.fclcity.lu\\\/\",\"name\":\"FC Luxembourg City\",\"description\":\"\",\"publisher\":{\"@id\":\"https:\\\/\\\/www.fclcity.lu\\\/#organization\"},\"potentialAction\":[{\"@type\":\"SearchAction\",\"target\":{\"@type\":\"EntryPoint\",\"urlTemplate\":\"https:\\\/\\\/www.fclcity.lu\\\/?s={search_term_string}\"},\"query-input\":{\"@type\":\"PropertyValueSpecification\",\"valueRequired\":true,\"valueName\":\"search_term_string\"}}],\"inLanguage\":\"fr-FR\"},{\"@type\":\"Organization\",\"@id\":\"https:\\\/\\\/www.fclcity.lu\\\/#organization\",\"name\":\"FC Luxembourg City\",\"url\":\"https:\\\/\\\/www.fclcity.lu\\\/\",\"logo\":{\"@type\":\"ImageObject\",\"inLanguage\":\"fr-FR\",\"@id\":\"https:\\\/\\\/www.fclcity.lu\\\/#\\\/schema\\\/logo\\\/image\\\/\",\"url\":\"https:\\\/\\\/www.fclcity.lu\\\/wp-content\\\/uploads\\\/2023\\\/12\\\/LOGO_FCLC_472.png\",\"contentUrl\":\"https:\\\/\\\/www.fclcity.lu\\\/wp-content\\\/uploads\\\/2023\\\/12\\\/LOGO_FCLC_472.png\",\"width\":472,\"height\":472,\"caption\":\"FC Luxembourg City\"},\"image\":{\"@id\":\"https:\\\/\\\/www.fclcity.lu\\\/#\\\/schema\\\/logo\\\/image\\\/\"},\"sameAs\":[\"https:\\\/\\\/facebook.com\\\/p\\\/FC-Luxembourg-City-100083413544920\\\/\",\"https:\\\/\\\/www.instagram.com\\\/fc_lcity\"]}]}<\/script>\n<!-- \/ Yoast SEO plugin. -->","yoast_head_json":{"title":"Prochains stages - FC Luxembourg City","description":"Le FC Luxembourg City organise r\u00e9guli\u00e8rement des stages pour les enfants de 8 \u00e0 15 ans qui sont pris en charge de 9h \u00e0 16h30.","robots":{"index":"index","follow":"follow","max-snippet":"max-snippet:-1","max-image-preview":"max-image-preview:large","max-video-preview":"max-video-preview:-1"},"canonical":"https:\/\/www.fclcity.lu\/index.php\/equipes-juniors\/prochains-stages-vacances\/","og_locale":"fr_FR","og_type":"article","og_title":"Prochains stages - FC Luxembourg City","og_description":"Le FC Luxembourg City organise r\u00e9guli\u00e8rement des stages pour les enfants de 8 \u00e0 15 ans qui sont pris en charge de 9h \u00e0 16h30.","og_url":"https:\/\/www.fclcity.lu\/index.php\/equipes-juniors\/prochains-stages-vacances\/","og_site_name":"FC Luxembourg City","article_publisher":"https:\/\/facebook.com\/p\/FC-Luxembourg-City-100083413544920\/","article_modified_time":"2024-07-28T20:40:13+00:00","twitter_card":"summary_large_image","twitter_misc":{"Dur\u00e9e de lecture estim\u00e9e":"2 minutes"},"schema":{"@context":"https:\/\/schema.org","@graph":[{"@type":"WebPage","@id":"https:\/\/www.fclcity.lu\/index.php\/equipes-juniors\/prochains-stages-vacances\/","url":"https:\/\/www.fclcity.lu\/index.php\/equipes-juniors\/prochains-stages-vacances\/","name":"Prochains stages - FC Luxembourg City","isPartOf":{"@id":"https:\/\/www.fclcity.lu\/#website"},"datePublished":"2024-05-11T10:39:05+00:00","dateModified":"2024-07-28T20:40:13+00:00","description":"Le FC Luxembourg City organise r\u00e9guli\u00e8rement des stages pour les enfants de 8 \u00e0 15 ans qui sont pris en charge de 9h \u00e0 16h30.","breadcrumb":{"@id":"https:\/\/www.fclcity.lu\/index.php\/equipes-juniors\/prochains-stages-vacances\/#breadcrumb"},"inLanguage":"fr-FR","potentialAction":[{"@type":"ReadAction","target":["https:\/\/www.fclcity.lu\/index.php\/equipes-juniors\/prochains-stages-vacances\/"]}]},{"@type":"BreadcrumbList","@id":"https:\/\/www.fclcity.lu\/index.php\/equipes-juniors\/prochains-stages-vacances\/#breadcrumb","itemListElement":[{"@type":"ListItem","position":1,"name":"Accueil","item":"https:\/\/www.fclcity.lu\/"},{"@type":"ListItem","position":2,"name":"Jeunes","item":"https:\/\/www.fclcity.lu\/index.php\/equipes-juniors\/"},{"@type":"ListItem","position":3,"name":"Prochains stages"}]},{"@type":"WebSite","@id":"https:\/\/www.fclcity.lu\/#website","url":"https:\/\/www.fclcity.lu\/","name":"FC Luxembourg City","description":"","publisher":{"@id":"https:\/\/www.fclcity.lu\/#organization"},"potentialAction":[{"@type":"SearchAction","target":{"@type":"EntryPoint","urlTemplate":"https:\/\/www.fclcity.lu\/?s={search_term_string}"},"query-input":{"@type":"PropertyValueSpecification","valueRequired":true,"valueName":"search_term_string"}}],"inLanguage":"fr-FR"},{"@type":"Organization","@id":"https:\/\/www.fclcity.lu\/#organization","name":"FC Luxembourg City","url":"https:\/\/www.fclcity.lu\/","logo":{"@type":"ImageObject","inLanguage":"fr-FR","@id":"https:\/\/www.fclcity.lu\/#\/schema\/logo\/image\/","url":"https:\/\/www.fclcity.lu\/wp-content\/uploads\/2023\/12\/LOGO_FCLC_472.png","contentUrl":"https:\/\/www.fclcity.lu\/wp-content\/uploads\/2023\/12\/LOGO_FCLC_472.png","width":472,"height":472,"caption":"FC Luxembourg City"},"image":{"@id":"https:\/\/www.fclcity.lu\/#\/schema\/logo\/image\/"},"sameAs":["https:\/\/facebook.com\/p\/FC-Luxembourg-City-100083413544920\/","https:\/\/www.instagram.com\/fc_lcity"]}]}},"jetpack_sharing_enabled":true,"_links":{"self":[{"href":"https:\/\/www.fclcity.lu\/index.php\/wp-json\/wp\/v2\/pages\/5174","targetHints":{"allow":["GET"]}}],"collection":[{"href":"https:\/\/www.fclcity.lu\/index.php\/wp-json\/wp\/v2\/pages"}],"about":[{"href":"https:\/\/www.fclcity.lu\/index.php\/wp-json\/wp\/v2\/types\/page"}],"author":[{"embeddable":true,"href":"https:\/\/www.fclcity.lu\/index.php\/wp-json\/wp\/v2\/users\/1"}],"replies":[{"embeddable":true,"href":"https:\/\/www.fclcity.lu\/index.php\/wp-json\/wp\/v2\/comments?post=5174"}],"version-history":[{"count":9,"href":"https:\/\/www.fclcity.lu\/index.php\/wp-json\/wp\/v2\/pages\/5174\/revisions"}],"predecessor-version":[{"id":7813,"href":"https:\/\/www.fclcity.lu\/index.php\/wp-json\/wp\/v2\/pages\/5174\/revisions\/7813"}],"up":[{"embeddable":true,"href":"https:\/\/www.fclcity.lu\/index.php\/wp-json\/wp\/v2\/pages\/965"}],"wp:attachment":[{"href":"https:\/\/www.fclcity.lu\/index.php\/wp-json\/wp\/v2\/media?parent=5174"}],"curies":[{"name":"wp","href":"https:\/\/api.w.org\/{rel}","templated":true}]}}